{"id":240,"date":"2013-06-06T13:15:03","date_gmt":"2013-06-06T11:15:03","guid":{"rendered":"http:\/\/www.bursy.pronet.jaslo.pl\/?page_id=240"},"modified":"2015-01-14T17:36:41","modified_gmt":"2015-01-14T16:36:41","slug":"kadra","status":"publish","type":"page","link":"http:\/\/www.bursy.pronet.jaslo.pl\/?page_id=240","title":{"rendered":"Kadra"},"content":{"rendered":"<p style=\"text-align: center;\"><strong>KADRA PEDAGOGICZNA BURSY MI\u0118DZYSZKOLNEJ W JA\u015aLE<\/strong><\/p>\n<p><strong>Dyrektor:<\/strong> mgr Renata Sk\u00f3rka<\/p>\n<p><strong>Wychowawcy:<\/strong><\/p>\n<ul>\n<li>mgr Agnieszka Cygan<\/li>\n<li>mgr Jerzy \u017b\u00f3\u0142tek<\/li>\n<li>mgr Marta Majewska<\/li>\n<li>mgr Monika Czerkowicz<\/li>\n<li>Leonarda Pasterczyk<\/li>\n<\/ul>\n<p>&nbsp;<\/p>\n","protected":false},"excerpt":{"rendered":"<p>KADRA PEDAGOGICZNA BURSY MI\u0118DZYSZKOLNEJ W JA\u015aLE Dyrektor: mgr Renata Sk\u00f3rka Wychowawcy: mgr Agnieszka Cygan mgr Jerzy \u017b\u00f3\u0142tek mgr Marta Majewska mgr Monika Czerkowicz Leonarda Pasterczyk &nbsp;<\/p>\n","protected":false},"author":2,"featured_media":0,"parent":0,"menu_order":2,"comment_status":"closed","ping_status":"closed","template":"","meta":{"ngg_post_thumbnail":0,"footnotes":""},"class_list":["post-240","page","type-page","status-publish","hentry"],"_links":{"self":[{"href":"http:\/\/www.bursy.pronet.jaslo.pl\/index.php?rest_route=\/wp\/v2\/pages\/240","targetHints":{"allow":["GET"]}}],"collection":[{"href":"http:\/\/www.bursy.pronet.jaslo.pl\/index.php?rest_route=\/wp\/v2\/pages"}],"about":[{"href":"http:\/\/www.bursy.pronet.jaslo.pl\/index.php?rest_route=\/wp\/v2\/types\/page"}],"author":[{"embeddable":true,"href":"http:\/\/www.bursy.pronet.jaslo.pl\/index.php?rest_route=\/wp\/v2\/users\/2"}],"replies":[{"embeddable":true,"href":"http:\/\/www.bursy.pronet.jaslo.pl\/index.php?rest_route=%2Fwp%2Fv2%2Fcomments&post=240"}],"version-history":[{"count":13,"href":"http:\/\/www.bursy.pronet.jaslo.pl\/index.php?rest_route=\/wp\/v2\/pages\/240\/revisions"}],"predecessor-version":[{"id":242,"href":"http:\/\/www.bursy.pronet.jaslo.pl\/index.php?rest_route=\/wp\/v2\/pages\/240\/revisions\/242"}],"wp:attachment":[{"href":"http:\/\/www.bursy.pronet.jaslo.pl\/index.php?rest_route=%2Fwp%2Fv2%2Fmedia&parent=240"}],"curies":[{"name":"wp","href":"https:\/\/api.w.org\/{rel}","templated":true}]}}